{"id":3775,"date":"2021-08-28T17:03:05","date_gmt":"2021-08-28T17:03:05","guid":{"rendered":"https:\/\/jolie.vamtam.com\/?post_type=product&#038;p=3775"},"modified":"2025-11-17T12:25:49","modified_gmt":"2025-11-17T12:25:49","slug":"kardioviva","status":"publish","type":"product","link":"https:\/\/naturatinktura.com\/rs\/\u043f\u0440\u043e\u0438\u0437\u0432\u043e\u0434\/kardioviva\/","title":{"rendered":"Kardioviva \u2013 kapi za \u010di\u0161\u0107enje krvnih sudova"},"content":{"rendered":"<div data-elementor-type=\"product-post\" data-elementor-id=\"3775\" class=\"elementor elementor-3775\" data-elementor-post-type=\"product\">\n\t\t\t\t\t\t<section class=\"elementor-section elementor-top-section elementor-element elementor-element-148eace1 elementor-section-boxed elementor-section-height-default elementor-section-height-default\" data-id=\"148eace1\" data-element_type=\"section\">\n\t\t\t\t\t\t<div class=\"elementor-container elementor-column-gap-no\">\n\t\t\t\t\t<div class=\"elementor-column elementor-col-50 elementor-top-column elementor-element elementor-element-2ad6d64a elementor-hidden-phone\" data-id=\"2ad6d64a\" data-element_type=\"column\">\n\t\t\t<div class=\"elementor-widget-wrap\">\n\t\t\t\t\t\t\t<\/div>\n\t\t<\/div>\n\t\t\t\t<div class=\"elementor-column elementor-col-50 elementor-top-column elementor-element elementor-element-47e887c5\" data-id=\"47e887c5\" data-element_type=\"column\">\n\t\t\t<div class=\"elementor-widget-wrap elementor-element-populated\">\n\t\t\t\t\t\t<div class=\"vamtam-has-theme-widget-styles elementor-element elementor-element-669eb55d elementor-widget elementor-widget-toggle\" data-id=\"669eb55d\" data-element_type=\"widget\" data-widget_type=\"toggle.default\">\n\t\t\t\t<div class=\"elementor-widget-container\">\n\t\t\t\t\t\t\t<div class=\"elementor-toggle\">\n\t\t\t\t\t\t\t<div class=\"elementor-toggle-item\">\n\t\t\t\t\t<div id=\"elementor-tab-title-1721\" class=\"elementor-tab-title\" data-tab=\"1\" role=\"button\" aria-controls=\"elementor-tab-content-1721\" aria-expanded=\"false\">\n\t\t\t\t\t\t\t\t\t\t\t\t<span class=\"elementor-toggle-icon elementor-toggle-icon-right\" aria-hidden=\"true\">\n\t\t\t\t\t\t\t\t\t\t\t\t\t\t\t<span class=\"elementor-toggle-icon-closed\"><i class=\"vamtamtheme- vamtam-theme-plus\"><\/i><\/span>\n\t\t\t\t\t\t\t\t<span class=\"elementor-toggle-icon-opened\"><i class=\"elementor-toggle-icon-opened vamtamtheme- vamtam-theme-minus\"><\/i><\/span>\n\t\t\t\t\t\t\t\t\t\t\t\t\t<\/span>\n\t\t\t\t\t\t\t\t\t\t\t\t<a class=\"elementor-toggle-title\" tabindex=\"0\">Detalji<\/a>\n\t\t\t\t\t<\/div>\n\n\t\t\t\t\t<div id=\"elementor-tab-content-1721\" class=\"elementor-tab-content elementor-clearfix\" data-tab=\"1\" role=\"region\" aria-labelledby=\"elementor-tab-title-1721\"><p>Kardioviva kapi mogu smanjiti rizik od za\u010depljenja krvnih sudova uzrokovanih:<\/p><p>\u2013 Stresom<br \/>\u2013 Dijabetesom<br \/>\u2013 Gojaznost<br \/>\u2013 Smanjena fizi\u010dka aktivnost<br \/>\u2013 Prekomerna konzumacija cigareta<br \/>\u2013 Prekomerna konzumacija alkohola<\/p><p>Preporu\u010duju se za poreme\u0107aje krvnog pritiska, sr\u010dane funkcije i sr\u010danog mi\u0161i\u0107a. Posebno su pogodni za osobe sa vi\u0161kom kilograma i sr\u010danim problemima, jer ja\u010daju sr\u010dani mi\u0161i\u0107 i poma\u017eu srcu da formira nove krvne sudove.<\/p><\/div>\n\t\t\t\t<\/div>\n\t\t\t\t\t\t\t<div class=\"elementor-toggle-item\">\n\t\t\t\t\t<div id=\"elementor-tab-title-1722\" class=\"elementor-tab-title\" data-tab=\"2\" role=\"button\" aria-controls=\"elementor-tab-content-1722\" aria-expanded=\"false\">\n\t\t\t\t\t\t\t\t\t\t\t\t<span class=\"elementor-toggle-icon elementor-toggle-icon-right\" aria-hidden=\"true\">\n\t\t\t\t\t\t\t\t\t\t\t\t\t\t\t<span class=\"elementor-toggle-icon-closed\"><i class=\"vamtamtheme- vamtam-theme-plus\"><\/i><\/span>\n\t\t\t\t\t\t\t\t<span class=\"elementor-toggle-icon-opened\"><i class=\"elementor-toggle-icon-opened vamtamtheme- vamtam-theme-minus\"><\/i><\/span>\n\t\t\t\t\t\t\t\t\t\t\t\t\t<\/span>\n\t\t\t\t\t\t\t\t\t\t\t\t<a class=\"elementor-toggle-title\" tabindex=\"0\">Sastojci<\/a>\n\t\t\t\t\t<\/div>\n\n\t\t\t\t\t<div id=\"elementor-tab-content-1722\" class=\"elementor-tab-content elementor-clearfix\" data-tab=\"2\" role=\"region\" aria-labelledby=\"elementor-tab-title-1722\"><p>Te\u010dni ekstrakt cveta hajdu\u010dke trave (Achillea millefolium), cveta smilja (Helichrysum arenarium), korena kurkume (Curcuma longa), cveta kantariona (Hypericum perforatum), lista breze (Betula pendula), lista arti\u010doke (Cynara scolymus), cveta hibiskusa (Hibiscus sabdariffa), lista bele imele (Viscum album) i lista bosiljka (Ocimum basilicum).<\/p><\/div>\n\t\t\t\t<\/div>\n\t\t\t\t\t\t\t<div class=\"elementor-toggle-item\">\n\t\t\t\t\t<div id=\"elementor-tab-title-1723\" class=\"elementor-tab-title\" data-tab=\"3\" role=\"button\" aria-controls=\"elementor-tab-content-1723\" aria-expanded=\"false\">\n\t\t\t\t\t\t\t\t\t\t\t\t<span class=\"elementor-toggle-icon elementor-toggle-icon-right\" aria-hidden=\"true\">\n\t\t\t\t\t\t\t\t\t\t\t\t\t\t\t<span class=\"elementor-toggle-icon-closed\"><i class=\"vamtamtheme- vamtam-theme-plus\"><\/i><\/span>\n\t\t\t\t\t\t\t\t<span class=\"elementor-toggle-icon-opened\"><i class=\"elementor-toggle-icon-opened vamtamtheme- vamtam-theme-minus\"><\/i><\/span>\n\t\t\t\t\t\t\t\t\t\t\t\t\t<\/span>\n\t\t\t\t\t\t\t\t\t\t\t\t<a class=\"elementor-toggle-title\" tabindex=\"0\">Kako koristiti<\/a>\n\t\t\t\t\t<\/div>\n\n\t\t\t\t\t<div id=\"elementor-tab-content-1723\" class=\"elementor-tab-content elementor-clearfix\" data-tab=\"3\" role=\"region\" aria-labelledby=\"elementor-tab-title-1723\"><p>2 puta dnevno, jedna ka\u0161ika (10 ml), rastvoriti u \u010da\u0161i hladne vode, soka ili \u010daja (150 ml) i popiti. Dobro protresti pre upotrebe.<\/p><p>Kapi se koriste dva puta dnevno prema letnjem vremenu: u 13:00 (kada se \u010diste srce i arterije) i u 21:00 (kada se \u010diste svi ostali krvni sudovi: vratne arterije, mo\u017edana stabljika, krvni sudovi mre\u017enja\u010de i periferni krvni sudovi donjeg dela noge). Trajanje terapije varira od 50 do 180 dana, u zavisnosti od stepena za\u010depljenja.<\/p><\/div>\n\t\t\t\t<\/div>\n\t\t\t\t\t\t\t<div class=\"elementor-toggle-item\">\n\t\t\t\t\t<div id=\"elementor-tab-title-1724\" class=\"elementor-tab-title\" data-tab=\"4\" role=\"button\" aria-controls=\"elementor-tab-content-1724\" aria-expanded=\"false\">\n\t\t\t\t\t\t\t\t\t\t\t\t<span class=\"elementor-toggle-icon elementor-toggle-icon-right\" aria-hidden=\"true\">\n\t\t\t\t\t\t\t\t\t\t\t\t\t\t\t<span class=\"elementor-toggle-icon-closed\"><i class=\"vamtamtheme- vamtam-theme-plus\"><\/i><\/span>\n\t\t\t\t\t\t\t\t<span class=\"elementor-toggle-icon-opened\"><i class=\"elementor-toggle-icon-opened vamtamtheme- vamtam-theme-minus\"><\/i><\/span>\n\t\t\t\t\t\t\t\t\t\t\t\t\t<\/span>\n\t\t\t\t\t\t\t\t\t\t\t\t<a class=\"elementor-toggle-title\" tabindex=\"0\">Dostava<\/a>\n\t\t\t\t\t<\/div>\n\n\t\t\t\t\t<div id=\"elementor-tab-content-1724\" class=\"elementor-tab-content elementor-clearfix\" data-tab=\"4\" role=\"region\" aria-labelledby=\"elementor-tab-title-1724\"><p>Slanje brzom po\u0161tom.<\/p><\/div>\n\t\t\t\t<\/div>\n\t\t\t\t\t\t\t\t<\/div>\n\t\t\t\t\t\t<\/div>\n\t\t\t\t<\/div>\n\t\t\t\t\t<\/div>\n\t\t<\/div>\n\t\t\t\t\t<\/div>\n\t\t<\/section>\n\t\t\t\t<\/div>","protected":false},"excerpt":{"rendered":"<p>Kardioviva kapi su biljne kapi za \u010di\u0161\u0107enje krvnih sudova. Poma\u017eu kod:<\/p>\n<ul>\n<li>Prevencije sr\u010danog udara i mo\u017edanog udara<\/li>\n<li>Ateroskleroze<\/li>\n<li>Angina pektoris<\/li>\n<li>Popravlja i obnavlja o\u0161te\u0107ene krvne sudove<\/li>\n<\/ul>\n<div class=\"my-flex-container\">\n<p><img decoding=\"async\" style=\"width: 70px;\" src=\"https:\/\/naturatinktura.com\/wp-content\/uploads\/2025\/02\/Ministarstvo-Zdravlja-Natura-Tinktura.webp\" alt=\"Grb Srbije\" \/><\/p>\n<div class=\"my-flex-item\">Odobrilo Ministarstvo zdravlja Republike Srbije.<br \/>\n<a style=\"color: #1e6dbd; text-decoration: underline;\" href=\"https:\/\/naturatinktura.com\/wp-content\/uploads\/2025\/01\/uverenje-kardioviva.pdf\" target=\"_blank\" rel=\"noopener\">26326\/2025<\/a><\/div>\n<\/div>\n<p><strong>Terapijska primena je 10 bo\u010dica tokom 50 dana. Za odr\u017eavanje, 5 bo\u010dica.<\/strong><\/p>","protected":false},"featured_media":988284,"comment_status":"open","ping_status":"closed","template":"","meta":[],"product_brand":[],"product_cat":[108],"product_tag":[109],"class_list":{"0":"post-3775","1":"product","2":"type-product","3":"status-publish","4":"has-post-thumbnail","6":"product_cat-natura-tinktura-proizvodi","7":"product_tag-natura-tinktura","9":"first","10":"instock","11":"sold-individually","12":"shipping-taxable","13":"purchasable","14":"product-type-variable"},"_links":{"self":[{"href":"https:\/\/naturatinktura.com\/rs\/wp-json\/wp\/v2\/product\/3775","targetHints":{"allow":["GET"]}}],"collection":[{"href":"https:\/\/naturatinktura.com\/rs\/wp-json\/wp\/v2\/product"}],"about":[{"href":"https:\/\/naturatinktura.com\/rs\/wp-json\/wp\/v2\/types\/product"}],"replies":[{"embeddable":true,"href":"https:\/\/naturatinktura.com\/rs\/wp-json\/wp\/v2\/comments?post=3775"}],"version-history":[{"count":67,"href":"https:\/\/naturatinktura.com\/rs\/wp-json\/wp\/v2\/product\/3775\/revisions"}],"predecessor-version":[{"id":988295,"href":"https:\/\/naturatinktura.com\/rs\/wp-json\/wp\/v2\/product\/3775\/revisions\/988295"}],"wp:featuredmedia":[{"embeddable":true,"href":"https:\/\/naturatinktura.com\/rs\/wp-json\/wp\/v2\/media\/988284"}],"wp:attachment":[{"href":"https:\/\/naturatinktura.com\/rs\/wp-json\/wp\/v2\/media?parent=3775"}],"wp:term":[{"taxonomy":"product_brand","embeddable":true,"href":"https:\/\/naturatinktura.com\/rs\/wp-json\/wp\/v2\/product_brand?post=3775"},{"taxonomy":"product_cat","embeddable":true,"href":"https:\/\/naturatinktura.com\/rs\/wp-json\/wp\/v2\/product_cat?post=3775"},{"taxonomy":"product_tag","embeddable":true,"href":"https:\/\/naturatinktura.com\/rs\/wp-json\/wp\/v2\/product_tag?post=3775"}],"curies":[{"name":"wp","href":"https:\/\/api.w.org\/{rel}","templated":true}]}}