{"id":987964,"date":"2024-12-30T23:43:06","date_gmt":"2024-12-30T23:43:06","guid":{"rendered":"https:\/\/naturatinktura.com\/?page_id=987964"},"modified":"2025-03-07T23:28:58","modified_gmt":"2025-03-07T23:28:58","slug":"natura-tinktura-products","status":"publish","type":"page","link":"https:\/\/naturatinktura.com\/rs\/natura-tinktura-products\/","title":{"rendered":"Proizvodi"},"content":{"rendered":"<div data-elementor-type=\"wp-page\" data-elementor-id=\"987964\" class=\"elementor elementor-987964\" data-elementor-post-type=\"page\">\n\t\t\t\t<div class=\"elementor-element elementor-element-9afd9aa e-flex e-con-boxed e-con e-parent\" data-id=\"9afd9aa\" data-element_type=\"container\">\n\t\t\t\t\t<div class=\"e-con-inner\">\n\t\t<div class=\"elementor-element elementor-element-8aec284 e-con-full animated-fast e-flex elementor-invisible e-con e-child\" data-id=\"8aec284\" data-element_type=\"container\" data-settings=\"{&quot;motion_fx_motion_fx_mouse&quot;:&quot;yes&quot;,&quot;animation&quot;:&quot;fadeInDown&quot;,&quot;animation_delay&quot;:100}\">\n\t\t\t\t<div class=\"vamtam-has-theme-widget-styles elementor-element elementor-element-7067b10 elementor-widget elementor-widget-heading\" data-id=\"7067b10\" data-element_type=\"widget\" data-widget_type=\"heading.default\">\n\t\t\t\t<div class=\"elementor-widget-container\">\n\t\t\t\t\t<h2 class=\"elementor-heading-title elementor-size-default\">Proizvodi<\/h2>\t\t\t\t<\/div>\n\t\t\t\t<\/div>\n\t\t\t\t<\/div>\n\t\t\t\t\t<\/div>\n\t\t\t\t<\/div>\n\t\t<div class=\"elementor-element elementor-element-1906347 e-flex e-con-boxed e-con e-parent\" data-id=\"1906347\" data-element_type=\"container\">\n\t\t\t\t\t<div class=\"e-con-inner\">\n\t\t<div class=\"elementor-element elementor-element-30668c0 e-con-full e-flex e-con e-child\" data-id=\"30668c0\" data-element_type=\"container\" data-settings=\"{&quot;motion_fx_motion_fx_mouse&quot;:&quot;yes&quot;}\">\n\t\t\t\t<div class=\"vamtam-has-theme-widget-styles elementor-element elementor-element-46f5a2d vamtam-link-custom-color elementor-widget elementor-widget-heading\" data-id=\"46f5a2d\" data-element_type=\"widget\" data-widget_type=\"heading.default\">\n\t\t\t\t<div class=\"elementor-widget-container\">\n\t\t\t\t\t<h3 class=\"elementor-heading-title elementor-size-default\"><a href=\"https:\/\/naturatinktura.com\/product\/kardioviva\/\">Kardioviva<\/a><\/h3>\t\t\t\t<\/div>\n\t\t\t\t<\/div>\n\t\t\t\t<div class=\"vamtam-has-theme-widget-styles elementor-element elementor-element-2c57cab elementor-widget elementor-widget-heading\" data-id=\"2c57cab\" data-element_type=\"widget\" data-widget_type=\"heading.default\">\n\t\t\t\t<div class=\"elementor-widget-container\">\n\t\t\t\t\t<h5 class=\"elementor-heading-title elementor-size-default\">Detalji<\/h5>\t\t\t\t<\/div>\n\t\t\t\t<\/div>\n\t\t\t\t<div class=\"elementor-element elementor-element-dacf396 elementor-widget elementor-widget-text-editor\" data-id=\"dacf396\" data-element_type=\"widget\" data-widget_type=\"text-editor.default\">\n\t\t\t\t<div class=\"elementor-widget-container\">\n\t\t\t\t\t\t\t\t\t<p>Kardioviva kapi mogu smanjiti rizik od za\u010depljenja krvnih sudova uzrokovanih:<\/p><p>\u2013 Stresom<br \/>\u2013 Dijabetesom<br \/>\u2013 Gojaznost<br \/>\u2013 Smanjena fizi\u010dka aktivnost<br \/>\u2013 Prekomerna konzumacija cigareta<br \/>\u2013 Prekomerna konzumacija alkohola<\/p><p>Preporu\u010duju se za poreme\u0107aje krvnog pritiska, sr\u010dane funkcije i sr\u010danog mi\u0161i\u0107a. Posebno su pogodni za osobe sa vi\u0161kom kilograma i sr\u010danim problemima, jer ja\u010daju sr\u010dani mi\u0161i\u0107 i poma\u017eu srcu da formira nove krvne sudove.<\/p>\t\t\t\t\t\t\t\t<\/div>\n\t\t\t\t<\/div>\n\t\t\t\t<div class=\"vamtam-has-theme-widget-styles elementor-element elementor-element-75fa3f0 elementor-widget elementor-widget-heading\" data-id=\"75fa3f0\" data-element_type=\"widget\" data-widget_type=\"heading.default\">\n\t\t\t\t<div class=\"elementor-widget-container\">\n\t\t\t\t\t<h5 class=\"elementor-heading-title elementor-size-default\">Sastojci<\/h5>\t\t\t\t<\/div>\n\t\t\t\t<\/div>\n\t\t\t\t<div class=\"elementor-element elementor-element-6a173d8 elementor-widget elementor-widget-text-editor\" data-id=\"6a173d8\" data-element_type=\"widget\" data-widget_type=\"text-editor.default\">\n\t\t\t\t<div class=\"elementor-widget-container\">\n\t\t\t\t\t\t\t\t\t<p>Te\u010dni ekstrakt cveta hajdu\u010dke trave (Achillea millefolium), cveta smilja (Helichrysum arenarium), korena kurkume (Curcuma longa), cveta kantariona (Hypericum perforatum), lista breze (Betula pendula), lista arti\u010doke (Cynara scolymus), cveta hibiskusa (Hibiscus sabdariffa), lista bele imele (Viscum album) i lista bosiljka (Ocimum basilicum).<\/p>\t\t\t\t\t\t\t\t<\/div>\n\t\t\t\t<\/div>\n\t\t\t\t<div class=\"vamtam-has-theme-widget-styles elementor-element elementor-element-8627693 elementor-widget elementor-widget-heading\" data-id=\"8627693\" data-element_type=\"widget\" data-widget_type=\"heading.default\">\n\t\t\t\t<div class=\"elementor-widget-container\">\n\t\t\t\t\t<h5 class=\"elementor-heading-title elementor-size-default\">Kako koristiti<\/h5>\t\t\t\t<\/div>\n\t\t\t\t<\/div>\n\t\t\t\t<div class=\"elementor-element elementor-element-2a71e78 elementor-widget elementor-widget-text-editor\" data-id=\"2a71e78\" data-element_type=\"widget\" data-widget_type=\"text-editor.default\">\n\t\t\t\t<div class=\"elementor-widget-container\">\n\t\t\t\t\t\t\t\t\t<p>2 puta dnevno, jedna ka\u0161ika (10 ml), rastvoriti u \u010da\u0161i hladne vode, soka ili \u010daja (150 ml) i popiti. Dobro protresti pre upotrebe.<\/p>\t\t\t\t\t\t\t\t<\/div>\n\t\t\t\t<\/div>\n\t\t\t\t<\/div>\n\t\t<div class=\"elementor-element elementor-element-e8ed628 e-con-full e-flex e-con e-child\" data-id=\"e8ed628\" data-element_type=\"container\" data-settings=\"{&quot;motion_fx_motion_fx_mouse&quot;:&quot;yes&quot;}\">\n\t\t\t\t<div class=\"vamtam-has-theme-widget-styles elementor-element elementor-element-68cb2b5 elementor-widget elementor-widget-image\" data-id=\"68cb2b5\" data-element_type=\"widget\" data-widget_type=\"image.default\">\n\t\t\t\t<div class=\"elementor-widget-container\">\n\t\t\t\t\t\t\t\t\t<div class=\"elementor-image\">\n\t\t\t\t\t\t\t\t\t\t\t\t\t\t\t\t\t\t\t\t\t<img fetchpriority=\"high\" decoding=\"async\" width=\"768\" height=\"1024\" src=\"https:\/\/naturatinktura.com\/wp-content\/uploads\/2025\/02\/Kardioviva-Bocica-768x1024.webp\" class=\"attachment-large size-large wp-image-988282\" alt=\"\" srcset=\"https:\/\/naturatinktura.com\/wp-content\/uploads\/2025\/02\/Kardioviva-Bocica-768x1024.webp 768w, https:\/\/naturatinktura.com\/wp-content\/uploads\/2025\/02\/Kardioviva-Bocica-225x300.webp 225w, https:\/\/naturatinktura.com\/wp-content\/uploads\/2025\/02\/Kardioviva-Bocica-9x12.webp 9w, https:\/\/naturatinktura.com\/wp-content\/uploads\/2025\/02\/Kardioviva-Bocica-630x840.webp 630w, https:\/\/naturatinktura.com\/wp-content\/uploads\/2025\/02\/Kardioviva-Bocica.webp 1143w\" sizes=\"(max-width: 768px) 100vw, 768px\" \/>\t\t\t\t\t\t\t\t\t\t\t\t\t\t\t\t\t\t\t\t\t\t\t\t<\/div>\n\t\t\t\t\t\t\t\t<\/div>\n\t\t\t\t<\/div>\n\t\t\t\t<\/div>\n\t\t\t\t\t<\/div>\n\t\t\t\t<\/div>\n\t\t<div class=\"elementor-element elementor-element-adf4e2a elementor-hidden-mobile e-flex e-con-boxed e-con e-parent\" data-id=\"adf4e2a\" data-element_type=\"container\">\n\t\t\t\t\t<div class=\"e-con-inner\">\n\t\t<div class=\"elementor-element elementor-element-c2dd8fc e-con-full e-flex e-con e-child\" data-id=\"c2dd8fc\" data-element_type=\"container\" data-settings=\"{&quot;motion_fx_motion_fx_mouse&quot;:&quot;yes&quot;}\">\n\t\t\t\t<div class=\"vamtam-has-theme-widget-styles elementor-element elementor-element-794f695 elementor-widget elementor-widget-image\" data-id=\"794f695\" data-element_type=\"widget\" data-widget_type=\"image.default\">\n\t\t\t\t<div class=\"elementor-widget-container\">\n\t\t\t\t\t\t\t\t\t<div class=\"elementor-image\">\n\t\t\t\t\t\t\t\t\t\t\t\t\t\t\t\t\t\t\t\t\t<img decoding=\"async\" width=\"768\" height=\"1024\" src=\"https:\/\/naturatinktura.com\/wp-content\/uploads\/2025\/02\/Hemoro-Kutija-768x1024.webp\" class=\"attachment-large size-large wp-image-988280\" alt=\"\" srcset=\"https:\/\/naturatinktura.com\/wp-content\/uploads\/2025\/02\/Hemoro-Kutija-768x1024.webp 768w, https:\/\/naturatinktura.com\/wp-content\/uploads\/2025\/02\/Hemoro-Kutija-225x300.webp 225w, https:\/\/naturatinktura.com\/wp-content\/uploads\/2025\/02\/Hemoro-Kutija-9x12.webp 9w, https:\/\/naturatinktura.com\/wp-content\/uploads\/2025\/02\/Hemoro-Kutija-630x840.webp 630w, https:\/\/naturatinktura.com\/wp-content\/uploads\/2025\/02\/Hemoro-Kutija.webp 1143w\" sizes=\"(max-width: 768px) 100vw, 768px\" \/>\t\t\t\t\t\t\t\t\t\t\t\t\t\t\t\t\t\t\t\t\t\t\t\t<\/div>\n\t\t\t\t\t\t\t\t<\/div>\n\t\t\t\t<\/div>\n\t\t\t\t<\/div>\n\t\t<div class=\"elementor-element elementor-element-9c28f3f e-con-full e-flex e-con e-child\" data-id=\"9c28f3f\" data-element_type=\"container\">\n\t\t\t\t<div class=\"vamtam-has-theme-widget-styles elementor-element elementor-element-b1f3890 vamtam-link-custom-color elementor-widget elementor-widget-heading\" data-id=\"b1f3890\" data-element_type=\"widget\" data-settings=\"{&quot;motion_fx_motion_fx_mouse&quot;:&quot;yes&quot;}\" data-widget_type=\"heading.default\">\n\t\t\t\t<div class=\"elementor-widget-container\">\n\t\t\t\t\t<h3 class=\"elementor-heading-title elementor-size-default\"><a href=\"https:\/\/naturatinktura.com\/product\/hemoro-relief\/\">Hemoro Relief<\/a><\/h3>\t\t\t\t<\/div>\n\t\t\t\t<\/div>\n\t\t\t\t<div class=\"vamtam-has-theme-widget-styles elementor-element elementor-element-62e61e9 elementor-widget elementor-widget-heading\" data-id=\"62e61e9\" data-element_type=\"widget\" data-widget_type=\"heading.default\">\n\t\t\t\t<div class=\"elementor-widget-container\">\n\t\t\t\t\t<h5 class=\"elementor-heading-title elementor-size-default\">Detalji<\/h5>\t\t\t\t<\/div>\n\t\t\t\t<\/div>\n\t\t\t\t<div class=\"elementor-element elementor-element-a9d6ccf elementor-widget elementor-widget-text-editor\" data-id=\"a9d6ccf\" data-element_type=\"widget\" data-widget_type=\"text-editor.default\">\n\t\t\t\t<div class=\"elementor-widget-container\">\n\t\t\t\t\t\t\t\t\t<p>Biljna mast je prvi izbor za le\u010denje hemoroidne bolesti. Primenom masti, simptomi hemoroidne bolesti nestaju veoma brzo.<\/p>\t\t\t\t\t\t\t\t<\/div>\n\t\t\t\t<\/div>\n\t\t\t\t<div class=\"vamtam-has-theme-widget-styles elementor-element elementor-element-fafdd86 elementor-widget elementor-widget-heading\" data-id=\"fafdd86\" data-element_type=\"widget\" data-widget_type=\"heading.default\">\n\t\t\t\t<div class=\"elementor-widget-container\">\n\t\t\t\t\t<h5 class=\"elementor-heading-title elementor-size-default\">Sastojci<\/h5>\t\t\t\t<\/div>\n\t\t\t\t<\/div>\n\t\t\t\t<div class=\"elementor-element elementor-element-4df0d43 elementor-widget elementor-widget-text-editor\" data-id=\"4df0d43\" data-element_type=\"widget\" data-widget_type=\"text-editor.default\">\n\t\t\t\t<div class=\"elementor-widget-container\">\n\t\t\t\t\t\t\t\t\t<p>Te\u010dni ekstrakt cveta hajdu\u010dke trave (Achillea millefolium), cveta smilja (Helichrysum arenarium), korena kurkume (Curcuma longa), cveta kantariona (Hypericum perforatum), lista breze (Betula pendula), lista arti\u010doke (Cynara scolymus), cveta hibiskusa (Hibiscus sabdariffa), lista bele imele (Viscum album) i lista bosiljka (Ocimum basilicum).<\/p>\t\t\t\t\t\t\t\t<\/div>\n\t\t\t\t<\/div>\n\t\t\t\t<div class=\"vamtam-has-theme-widget-styles elementor-element elementor-element-3311b90 elementor-widget elementor-widget-heading\" data-id=\"3311b90\" data-element_type=\"widget\" data-widget_type=\"heading.default\">\n\t\t\t\t<div class=\"elementor-widget-container\">\n\t\t\t\t\t<h5 class=\"elementor-heading-title elementor-size-default\">Kako koristiti<\/h5>\t\t\t\t<\/div>\n\t\t\t\t<\/div>\n\t\t\t\t<div class=\"elementor-element elementor-element-175f30d elementor-widget elementor-widget-text-editor\" data-id=\"175f30d\" data-element_type=\"widget\" data-widget_type=\"text-editor.default\">\n\t\t\t\t<div class=\"elementor-widget-container\">\n\t\t\t\t\t\t\t\t\t<p>Obolelo mesto u zavisnosti od stepena oboljenja namazati 1 do 3 puta dnevno, svakog dana do izle\u010denja.<\/p>\t\t\t\t\t\t\t\t<\/div>\n\t\t\t\t<\/div>\n\t\t\t\t<\/div>\n\t\t\t\t\t<\/div>\n\t\t\t\t<\/div>\n\t\t<div class=\"elementor-element elementor-element-945f519 elementor-hidden-desktop elementor-hidden-tablet e-flex e-con-boxed e-con e-parent\" data-id=\"945f519\" data-element_type=\"container\">\n\t\t\t\t\t<div class=\"e-con-inner\">\n\t\t<div class=\"elementor-element elementor-element-af74f70 e-con-full e-flex e-con e-child\" data-id=\"af74f70\" data-element_type=\"container\">\n\t\t\t\t<div class=\"vamtam-has-theme-widget-styles elementor-element elementor-element-7e6cea3 vamtam-link-custom-color elementor-widget elementor-widget-heading\" data-id=\"7e6cea3\" data-element_type=\"widget\" data-settings=\"{&quot;motion_fx_motion_fx_mouse&quot;:&quot;yes&quot;}\" data-widget_type=\"heading.default\">\n\t\t\t\t<div class=\"elementor-widget-container\">\n\t\t\t\t\t<h3 class=\"elementor-heading-title elementor-size-default\"><a href=\"https:\/\/naturatinktura.com\/product\/hemoro-relief\/\">Hemoro Relief<\/a><\/h3>\t\t\t\t<\/div>\n\t\t\t\t<\/div>\n\t\t\t\t<div class=\"vamtam-has-theme-widget-styles elementor-element elementor-element-0feb6fb elementor-widget elementor-widget-heading\" data-id=\"0feb6fb\" data-element_type=\"widget\" data-widget_type=\"heading.default\">\n\t\t\t\t<div class=\"elementor-widget-container\">\n\t\t\t\t\t<h5 class=\"elementor-heading-title elementor-size-default\">Detalji<\/h5>\t\t\t\t<\/div>\n\t\t\t\t<\/div>\n\t\t\t\t<div class=\"elementor-element elementor-element-36ccc48 elementor-widget elementor-widget-text-editor\" data-id=\"36ccc48\" data-element_type=\"widget\" data-widget_type=\"text-editor.default\">\n\t\t\t\t<div class=\"elementor-widget-container\">\n\t\t\t\t\t\t\t\t\t<p>Biljna mast je prvi izbor za le\u010denje hemoroidne bolesti. Primenom masti, simptomi hemoroidne bolesti nestaju veoma brzo.<\/p>\t\t\t\t\t\t\t\t<\/div>\n\t\t\t\t<\/div>\n\t\t\t\t<div class=\"vamtam-has-theme-widget-styles elementor-element elementor-element-eea567a elementor-widget elementor-widget-heading\" data-id=\"eea567a\" data-element_type=\"widget\" data-widget_type=\"heading.default\">\n\t\t\t\t<div class=\"elementor-widget-container\">\n\t\t\t\t\t<h5 class=\"elementor-heading-title elementor-size-default\">Sastojci<\/h5>\t\t\t\t<\/div>\n\t\t\t\t<\/div>\n\t\t\t\t<div class=\"elementor-element elementor-element-0a6b81a elementor-widget elementor-widget-text-editor\" data-id=\"0a6b81a\" data-element_type=\"widget\" data-widget_type=\"text-editor.default\">\n\t\t\t\t<div class=\"elementor-widget-container\">\n\t\t\t\t\t\t\t\t\t<p>Listovi plantane, trava kantariona i cvet neven u masnoj bazi\u2026<\/p>\t\t\t\t\t\t\t\t<\/div>\n\t\t\t\t<\/div>\n\t\t\t\t<div class=\"vamtam-has-theme-widget-styles elementor-element elementor-element-57b9216 elementor-widget elementor-widget-heading\" data-id=\"57b9216\" data-element_type=\"widget\" data-widget_type=\"heading.default\">\n\t\t\t\t<div class=\"elementor-widget-container\">\n\t\t\t\t\t<h5 class=\"elementor-heading-title elementor-size-default\">Kako koristiti<\/h5>\t\t\t\t<\/div>\n\t\t\t\t<\/div>\n\t\t\t\t<div class=\"elementor-element elementor-element-5dbade0 elementor-widget elementor-widget-text-editor\" data-id=\"5dbade0\" data-element_type=\"widget\" data-widget_type=\"text-editor.default\">\n\t\t\t\t<div class=\"elementor-widget-container\">\n\t\t\t\t\t\t\t\t\t<p>Obolelo mesto u zavisnosti od stepena oboljenja namazati 1 do 3 puta dnevno, svakog dana do izle\u010denja.<\/p>\t\t\t\t\t\t\t\t<\/div>\n\t\t\t\t<\/div>\n\t\t\t\t<\/div>\n\t\t<div class=\"elementor-element elementor-element-e68d211 e-con-full e-flex e-con e-child\" data-id=\"e68d211\" data-element_type=\"container\" data-settings=\"{&quot;motion_fx_motion_fx_mouse&quot;:&quot;yes&quot;}\">\n\t\t\t\t<div class=\"vamtam-has-theme-widget-styles elementor-element elementor-element-cd93f37 elementor-widget elementor-widget-image\" data-id=\"cd93f37\" data-element_type=\"widget\" data-widget_type=\"image.default\">\n\t\t\t\t<div class=\"elementor-widget-container\">\n\t\t\t\t\t\t\t\t\t<div class=\"elementor-image\">\n\t\t\t\t\t\t\t\t\t\t\t\t\t\t\t\t\t\t\t\t\t<img decoding=\"async\" width=\"768\" height=\"1024\" src=\"https:\/\/naturatinktura.com\/wp-content\/uploads\/2025\/02\/Hemoro-Kutija-768x1024.webp\" class=\"attachment-large size-large wp-image-988280\" alt=\"\" srcset=\"https:\/\/naturatinktura.com\/wp-content\/uploads\/2025\/02\/Hemoro-Kutija-768x1024.webp 768w, https:\/\/naturatinktura.com\/wp-content\/uploads\/2025\/02\/Hemoro-Kutija-225x300.webp 225w, https:\/\/naturatinktura.com\/wp-content\/uploads\/2025\/02\/Hemoro-Kutija-9x12.webp 9w, https:\/\/naturatinktura.com\/wp-content\/uploads\/2025\/02\/Hemoro-Kutija-630x840.webp 630w, https:\/\/naturatinktura.com\/wp-content\/uploads\/2025\/02\/Hemoro-Kutija.webp 1143w\" sizes=\"(max-width: 768px) 100vw, 768px\" \/>\t\t\t\t\t\t\t\t\t\t\t\t\t\t\t\t\t\t\t\t\t\t\t\t<\/div>\n\t\t\t\t\t\t\t\t<\/div>\n\t\t\t\t<\/div>\n\t\t\t\t<\/div>\n\t\t\t\t\t<\/div>\n\t\t\t\t<\/div>\n\t\t\t\t<\/div>","protected":false},"excerpt":{"rendered":"<p>Products Kardioviva Details Kardioviva drops can reduce the risk of blood vessel blockages caused by: \u2013 Stress\u2013 Diabetes\u2013 Obesity\u2013 Reduced physical activity\u2013 Excessive cigarette consumption\u2013 Excessive alcohol consumption Recommended for disorders of blood pressure, heart function and heart muscle. They are particularly suitable for people with excess weight and heart problems, as they strengthen the&#8230;<\/p>","protected":false},"author":1,"featured_media":0,"parent":0,"menu_order":0,"comment_status":"closed","ping_status":"closed","template":"","meta":{"footnotes":""},"class_list":["post-987964","page","type-page","status-publish","hentry"],"_links":{"self":[{"href":"https:\/\/naturatinktura.com\/rs\/wp-json\/wp\/v2\/pages\/987964","targetHints":{"allow":["GET"]}}],"collection":[{"href":"https:\/\/naturatinktura.com\/rs\/wp-json\/wp\/v2\/pages"}],"about":[{"href":"https:\/\/naturatinktura.com\/rs\/wp-json\/wp\/v2\/types\/page"}],"author":[{"embeddable":true,"href":"https:\/\/naturatinktura.com\/rs\/wp-json\/wp\/v2\/users\/1"}],"replies":[{"embeddable":true,"href":"https:\/\/naturatinktura.com\/rs\/wp-json\/wp\/v2\/comments?post=987964"}],"version-history":[{"count":73,"href":"https:\/\/naturatinktura.com\/rs\/wp-json\/wp\/v2\/pages\/987964\/revisions"}],"predecessor-version":[{"id":988313,"href":"https:\/\/naturatinktura.com\/rs\/wp-json\/wp\/v2\/pages\/987964\/revisions\/988313"}],"wp:attachment":[{"href":"https:\/\/naturatinktura.com\/rs\/wp-json\/wp\/v2\/media?parent=987964"}],"curies":[{"name":"wp","href":"https:\/\/api.w.org\/{rel}","templated":true}]}}